{"id":6,"date":"2024-03-11T20:27:50","date_gmt":"2024-03-11T20:27:50","guid":{"rendered":"http:\/\/galilaea-kirche.de\/?page_id=6"},"modified":"2025-02-04T11:03:33","modified_gmt":"2025-02-04T10:03:33","slug":"impressum","status":"publish","type":"page","link":"https:\/\/galilaea-kirche.de\/en\/impressum\/","title":{"rendered":"Imprint"},"content":{"rendered":"<div data-elementor-type=\"wp-page\" data-elementor-id=\"6\" class=\"elementor elementor-6\" data-elementor-post-type=\"page\">\n\t\t\t\t<div class=\"elementor-element elementor-element-aa5c6a5 e-flex e-con-boxed e-con e-parent\" data-id=\"aa5c6a5\" data-element_type=\"container\" data-e-type=\"container\">\n\t\t\t\t\t<div class=\"e-con-inner\">\n\t\t\t\t<div class=\"elementor-element elementor-element-fcbdf48 elementor-widget elementor-widget-heading\" data-id=\"fcbdf48\" data-element_type=\"widget\" data-e-type=\"widget\" data-widget_type=\"heading.default\">\n\t\t\t\t<div class=\"elementor-widget-container\">\n\t\t\t\t\t<h2 class=\"elementor-heading-title elementor-size-default\">Imprint<\/h2>\t\t\t\t<\/div>\n\t\t\t\t<\/div>\n\t\t\t\t<div class=\"elementor-element elementor-element-a99b24c elementor-widget elementor-widget-text-editor\" data-id=\"a99b24c\" data-element_type=\"widget\" data-e-type=\"widget\" data-widget_type=\"text-editor.default\">\n\t\t\t\t<div class=\"elementor-widget-container\">\n\t\t\t\t\t\t\t\t\t<p>Verein zum Erhalt und zur F\u00f6rderung des Jugendwiderstandsmuseums e. V.<\/p><p>Rigaer Str. 9<br \/>10247 Berlin<\/p><p>E-mail:\u00a0<a href=\"\/en\/contact@galilaea-kirche.de\/\">contact@galilaea-kirche.de<\/a><br \/>Phone:\u00a0<a href=\"tel:+4903023000700\">+49 30 23 000 700<\/a><\/p>\t\t\t\t\t\t\t\t<\/div>\n\t\t\t\t<\/div>\n\t\t\t\t<div class=\"elementor-element elementor-element-3516b5e elementor-align-left elementor-widget elementor-widget-button\" data-id=\"3516b5e\" data-element_type=\"widget\" data-e-type=\"widget\" data-widget_type=\"button.default\">\n\t\t\t\t<div class=\"elementor-widget-container\">\n\t\t\t\t\t\t\t\t\t<div class=\"elementor-button-wrapper\">\n\t\t\t\t\t<a class=\"elementor-button elementor-button-link elementor-size-sm\" href=\"https:\/\/galilaea-kirche.de\/en\/datenschutz\/\">\n\t\t\t\t\t\t<span class=\"elementor-button-content-wrapper\">\n\t\t\t\t\t\t\t\t\t<span class=\"elementor-button-text\">privacy policy<\/span>\n\t\t\t\t\t<\/span>\n\t\t\t\t\t<\/a>\n\t\t\t\t<\/div>\n\t\t\t\t\t\t\t\t<\/div>\n\t\t\t\t<\/div>\n\t\t\t\t<div class=\"elementor-element elementor-element-eeb17ba elementor-widget elementor-widget-text-editor\" data-id=\"eeb17ba\" data-element_type=\"widget\" data-e-type=\"widget\" data-widget_type=\"text-editor.default\">\n\t\t\t\t<div class=\"elementor-widget-container\">\n\t\t\t\t\t\t\t\t\t<p>Disclaimer<\/p><p>1. Liability for content<\/p><p>The contents of our pages were created with the greatest care. However, we cannot accept any liability for the accuracy, completeness and timeliness of the contents. As service providers, we are liable for own contents of these pages in accordance with Section 7, Paragraph 1 of the German Telemedia Act (TMG). However, according to Sections 8 to 10 of the German Telemedia Act (TMG), service providers are not obligated to monitor submitted or stored information or to search for evidences that indicate illegal activities. Legal obligations to removing information or to blocking the use of information remain unchallenged. In this case, liability is only possible at the time of knowledge about a specific violation of law. If we become aware of such violations, we will remove this content immediately.<\/p><p>2. Liability for links<\/p><p>Our offer contains links to external third-party websites over whose content we have no influence. We therefore cannot accept any liability for this external content. The respective provider or operator of the pages is always responsible for the content of the linked pages. The linked pages were checked for possible legal violations at the time of linking. Illegal content was not recognizable at the time of linking. However, permanent control of the content of the linked pages is not reasonable without concrete evidence of a legal violation. If we become aware of any legal violations, we will remove such links immediately.<\/p><p>3. Copyright<\/p><p>The content and works on these pages created by the site operators are subject to German copyright law. Duplication, processing, distribution and any type of exploitation outside the limits of copyright law require the written consent of the respective author or creator. Downloads and copies of this page are only permitted for private, non-commercial use. Insofar as the content on this page was not created by the operator, the copyrights of third parties are observed. In particular, third-party content is marked as such. Should you nevertheless become aware of a copyright infringement, we ask you to notify us accordingly. If we become aware of any infringements, we will remove such content immediately.<\/p><p>4. Data protection<\/p><p>Our website can generally be used without providing personal data. If personal data (such as name, address or email addresses) is collected on our website, this is always done on a voluntary basis wherever possible. This data will not be passed on to third parties without your express consent. We would like to point out that data transmission on the Internet (e.g. when communicating by email) can have security gaps. Complete protection of data against access by third parties is not possible.<\/p>\t\t\t\t\t\t\t\t<\/div>\n\t\t\t\t<\/div>\n\t\t\t\t\t<\/div>\n\t\t\t\t<\/div>\n\t\t\t\t<\/div>","protected":false},"excerpt":{"rendered":"<p>Impressum Verein zum Erhalt und zur F\u00f6rderung des Jugendwiderstandsmuseums e. V. Rigaer Str. 910247 Berlin E-Mail:\u00a0contact@galilaea-kirche.deTelefon:\u00a0+49 30 23 000 700 Datenschutzerkl\u00e4rung Haftungsausschluss 1. Haftung f\u00fcr Inhalte Die Inhalte unserer Seiten wurden mit gr\u00f6\u00dfter Sorgfalt erstellt. F\u00fcr die Richtigkeit, Vollst\u00e4ndigkeit und Aktualit\u00e4t der Inhalte k\u00f6nnen wir jedoch keine Gew\u00e4hr \u00fcbernehmen. Als Diensteanbieter sind wir gem\u00e4\u00df \u00a7 [&hellip;]<\/p>\n","protected":false},"author":1,"featured_media":394,"parent":0,"menu_order":0,"comment_status":"closed","ping_status":"closed","template":"","meta":{"_acf_changed":false,"footnotes":""},"class_list":["post-6","page","type-page","status-publish","has-post-thumbnail","hentry"],"acf":[],"_links":{"self":[{"href":"https:\/\/galilaea-kirche.de\/en\/wp-json\/wp\/v2\/pages\/6","targetHints":{"allow":["GET"]}}],"collection":[{"href":"https:\/\/galilaea-kirche.de\/en\/wp-json\/wp\/v2\/pages"}],"about":[{"href":"https:\/\/galilaea-kirche.de\/en\/wp-json\/wp\/v2\/types\/page"}],"author":[{"embeddable":true,"href":"https:\/\/galilaea-kirche.de\/en\/wp-json\/wp\/v2\/users\/1"}],"replies":[{"embeddable":true,"href":"https:\/\/galilaea-kirche.de\/en\/wp-json\/wp\/v2\/comments?post=6"}],"version-history":[{"count":28,"href":"https:\/\/galilaea-kirche.de\/en\/wp-json\/wp\/v2\/pages\/6\/revisions"}],"predecessor-version":[{"id":2140,"href":"https:\/\/galilaea-kirche.de\/en\/wp-json\/wp\/v2\/pages\/6\/revisions\/2140"}],"wp:featuredmedia":[{"embeddable":true,"href":"https:\/\/galilaea-kirche.de\/en\/wp-json\/wp\/v2\/media\/394"}],"wp:attachment":[{"href":"https:\/\/galilaea-kirche.de\/en\/wp-json\/wp\/v2\/media?parent=6"}],"curies":[{"name":"wp","href":"https:\/\/api.w.org\/{rel}","templated":true}]}}